{"id":1006,"date":"2024-02-29T11:26:58","date_gmt":"2024-02-29T11:26:58","guid":{"rendered":"https:\/\/playcards.wiki\/livros\/"},"modified":"2024-04-09T13:27:35","modified_gmt":"2024-04-09T13:27:35","slug":"livros","status":"publish","type":"page","link":"https:\/\/playcards.wiki\/pt-pt\/livros\/","title":{"rendered":"Livros"},"content":{"rendered":"\n<p>Bem-vindo \u00e0 sec\u00e7\u00e3o &#8220;Livros&#8221; da PlayCards.wiki, onde mergulhamos no mundo liter\u00e1rio dos jogos de cartas. Quer seja um jogador principiante ansioso por aprender o b\u00e1sico ou um entusiasta experiente que procura aprofundar os seus conhecimentos e aperfei\u00e7oar as suas estrat\u00e9gias, a nossa sele\u00e7\u00e3o de livros de jogos de cartas foi concebida para satisfazer todos os n\u00edveis de interesse e experi\u00eancia. Explore o nosso guia completo sobre os melhores livros de jogos de cartas, que oferecem ideias, estrat\u00e9gias e a rica hist\u00f3ria por detr\u00e1s dos seus jogos favoritos.<\/p>\n\n<h2 class=\"wp-block-heading\">Para principiantes: Come\u00e7ar a trabalhar<\/h2>\n\n<p>Come\u00e7ar a sua viagem pelos jogos de cartas pode ser simultaneamente excitante e assustador. Os livros desta sec\u00e7\u00e3o foram seleccionados pelas suas instru\u00e7\u00f5es claras, explica\u00e7\u00f5es directas e introdu\u00e7\u00f5es interessantes ao mundo dos jogos de cartas.<\/p>\n\n<ul class=\"wp-block-list\">\n<li><strong>&#8220;O Livro Completo dos Jogos de Cartas&#8221; de George F. Hervey<\/strong>: Este guia cl\u00e1ssico oferece regras f\u00e1ceis de seguir para uma vasta gama de jogos de cartas, tornando-o um ponto de partida ideal para principiantes.<\/li>\n\n\n\n<li><strong>&#8220;Card Games For Dummies&#8221; de Barry Rigal<\/strong>: Parte da popular s\u00e9rie &#8220;For Dummies&#8221;, este livro explica os conceitos b\u00e1sicos de v\u00e1rios jogos de cartas, oferecendo dicas, truques e estrat\u00e9gias num formato acess\u00edvel.<\/li>\n<\/ul>\n\n<h2 class=\"wp-block-heading\">Para os entusiastas da estrat\u00e9gia<\/h2>\n\n<p>Se pretende melhorar o seu jogo e aprofundar os aspectos estrat\u00e9gicos do jogo de cartas, estas selec\u00e7\u00f5es oferecem uma an\u00e1lise aprofundada, t\u00e9cnicas avan\u00e7adas e conhecimentos profissionais.<\/p>\n\n<ul class=\"wp-block-list\">\n<li><strong>&#8220;The Theory of Poker&#8221; de David Sklansky<\/strong>: Uma leitura obrigat\u00f3ria para os jogadores de p\u00f3quer, este livro explora os conceitos e teorias fundamentais do p\u00f3quer que s\u00e3o aplic\u00e1veis a quase todas as varia\u00e7\u00f5es do jogo.<\/li>\n\n\n\n<li><strong>&#8220;Bridge For Bright Beginners&#8221; de Terence Reese<\/strong>: Terence Reese, um mestre do bridge, apresenta os princ\u00edpios do jogo, as t\u00e9cnicas de licita\u00e7\u00e3o e as estrat\u00e9gias de uma forma informativa e f\u00e1cil de compreender.<\/li>\n<\/ul>\n\n<h2 class=\"wp-block-heading\">Perspectivas hist\u00f3ricas e culturais<\/h2>\n\n<p>Os jogos de cartas est\u00e3o repletos de hist\u00f3ria e de significado cultural. Estes livros oferecem explora\u00e7\u00f5es fascinantes sobre as origens, a evolu\u00e7\u00e3o e o impacto dos jogos de cartas em todo o mundo.<\/p>\n\n<ul class=\"wp-block-list\">\n<li><strong>&#8220;A History of Playing Cards and a Bibliography of Cards and Gaming&#8221; de Catherine Perry Hargrave<\/strong>: Mergulhe na viagem hist\u00f3rica das cartas de jogar, desde as suas origens antigas at\u00e9 aos tempos modernos, ilustrada com exemplos de v\u00e1rias culturas.<\/li>\n\n\n\n<li><strong>&#8220;O Cart\u00e3o: Collectors, Con Men, and the True Story of History&#8217;s Most Desired Baseball Card&#8221; de Michael O&#8217;Keeffe e Teri Thompson<\/strong>: Embora n\u00e3o seja um livro tradicional de jogos de cartas, este conto oferece uma vis\u00e3o fascinante do mundo do colecionismo de cartas e do fen\u00f3meno cultural que envolve a carta de basebol mais famosa.<\/li>\n<\/ul>\n\n<h2 class=\"wp-block-heading\">Jogos de especialidade e de nicho<\/h2>\n\n<p>Para os interessados em explorar para al\u00e9m da corrente principal, a nossa sele\u00e7\u00e3o inclui t\u00edtulos sobre jogos de cartas especializados e de nicho, fornecendo regras, estrat\u00e9gias e o fasc\u00ednio \u00fanico de jogos menos comuns.<\/p>\n\n<ul class=\"wp-block-list\">\n<li><strong>&#8220;The Tarot Playbook: 78 Novel Ways to Connect with Your Cards&#8221; de Lynda Cowles<\/strong>: Este livro oferece uma nova abordagem \u00e0s cartas de Tarot, apresentando jogos e actividades para aprofundar a sua liga\u00e7\u00e3o com o baralho para al\u00e9m das leituras tradicionais.<\/li>\n\n\n\n<li><strong>&#8220;The Ultimate Guide to Mahjong: O jogo chin\u00eas de habilidade e estrat\u00e9gia&#8221; de Amy Lo<\/strong>: Ao centrar-se no Mahjong e n\u00e3o nos tradicionais jogos de cartas ocidentais, este guia esclarece as estrat\u00e9gias complexas deste jogo popular.<\/li>\n<\/ul>\n\n<h2 class=\"wp-block-heading\">Conclus\u00e3o<\/h2>\n\n<p>Os jogos de cartas oferecem um mundo de estrat\u00e9gia, desafio e divers\u00e3o, sendo a literatura uma porta de entrada para o dom\u00ednio destes jogos. Quer esteja a baralhar o baralho pela primeira vez ou a tentar adicionar uma nova estrat\u00e9gia ao seu repert\u00f3rio, o nosso guia dos melhores livros de jogos de cartas est\u00e1 aqui para apoiar a sua viagem. Mergulhe nestas p\u00e1ginas, enrique\u00e7a os seus conhecimentos e deixe os jogos come\u00e7arem!<\/p>\n","protected":false},"excerpt":{"rendered":"<p>Bem-vindo \u00e0 sec\u00e7\u00e3o &#8220;Livros&#8221; da PlayCards.wiki, onde mergulhamos no mundo liter\u00e1rio dos jogos de cartas. Quer seja um jogador principiante ansioso por aprender o b\u00e1sico ou um entusiasta experiente que procura aprofundar&#8230;<\/p>\n","protected":false},"author":1,"featured_media":1004,"parent":0,"menu_order":0,"comment_status":"closed","ping_status":"closed","template":"","meta":{"footnotes":""},"class_list":["post-1006","page","type-page","status-publish","has-post-thumbnail","hentry"],"_links":{"self":[{"href":"https:\/\/playcards.wiki\/pt-pt\/wp-json\/wp\/v2\/pages\/1006","targetHints":{"allow":["GET"]}}],"collection":[{"href":"https:\/\/playcards.wiki\/pt-pt\/wp-json\/wp\/v2\/pages"}],"about":[{"href":"https:\/\/playcards.wiki\/pt-pt\/wp-json\/wp\/v2\/types\/page"}],"author":[{"embeddable":true,"href":"https:\/\/playcards.wiki\/pt-pt\/wp-json\/wp\/v2\/users\/1"}],"replies":[{"embeddable":true,"href":"https:\/\/playcards.wiki\/pt-pt\/wp-json\/wp\/v2\/comments?post=1006"}],"version-history":[{"count":1,"href":"https:\/\/playcards.wiki\/pt-pt\/wp-json\/wp\/v2\/pages\/1006\/revisions"}],"predecessor-version":[{"id":1007,"href":"https:\/\/playcards.wiki\/pt-pt\/wp-json\/wp\/v2\/pages\/1006\/revisions\/1007"}],"wp:featuredmedia":[{"embeddable":true,"href":"https:\/\/playcards.wiki\/pt-pt\/wp-json\/wp\/v2\/media\/1004"}],"wp:attachment":[{"href":"https:\/\/playcards.wiki\/pt-pt\/wp-json\/wp\/v2\/media?parent=1006"}],"curies":[{"name":"wp","href":"https:\/\/api.w.org\/{rel}","templated":true}]}}