{"id":941,"date":"2024-02-29T11:26:58","date_gmt":"2024-02-29T11:26:58","guid":{"rendered":"https:\/\/playcards.wiki\/ksiazki\/"},"modified":"2024-04-09T13:26:36","modified_gmt":"2024-04-09T13:26:36","slug":"ksiazki","status":"publish","type":"page","link":"https:\/\/playcards.wiki\/pl\/ksiazki\/","title":{"rendered":"Ksi\u0105\u017cki"},"content":{"rendered":"\n<p>Witamy w sekcji &#8222;Ksi\u0105\u017cki&#8221; na PlayCards.wiki, gdzie zag\u0142\u0119biamy si\u0119 w literacki \u015bwiat gier karcianych. Niezale\u017cnie od tego, czy jeste\u015b pocz\u0105tkuj\u0105cym graczem, kt\u00f3ry chce nauczy\u0107 si\u0119 podstaw, czy do\u015bwiadczonym entuzjast\u0105, kt\u00f3ry chce pog\u0142\u0119bi\u0107 swoje zrozumienie i udoskonali\u0107 swoje strategie, nasz wyselekcjonowany wyb\u00f3r ksi\u0105\u017cek o grach karcianych zosta\u0142 zaprojektowany tak, aby zaspokoi\u0107 ka\u017cdy poziom zainteresowania i wiedzy. Zapoznaj si\u0119 z naszym kompleksowym przewodnikiem po najlepszych ksi\u0105\u017ckach o grach karcianych, oferuj\u0105cych wgl\u0105d, strategie i bogat\u0105 histori\u0119 ulubionych gier.<\/p>\n\n<h2 class=\"wp-block-heading\">Dla pocz\u0105tkuj\u0105cych: Pierwsze kroki<\/h2>\n\n<p>Rozpocz\u0119cie przygody z grami karcianymi mo\u017ce by\u0107 zar\u00f3wno ekscytuj\u0105ce, jak i zniech\u0119caj\u0105ce. Ksi\u0105\u017cki w tej sekcji zosta\u0142y wybrane ze wzgl\u0119du na ich jasne instrukcje, proste wyja\u015bnienia i wci\u0105gaj\u0105ce wprowadzenie do \u015bwiata gier karcianych.<\/p>\n\n<ul class=\"wp-block-list\">\n<li><strong>&#8222;Kompletna ksi\u0119ga gier karcianych&#8221; autorstwa George&#8217;a F. Hervey&#8217;a<\/strong>: Ten klasyczny przewodnik oferuje \u0142atwe do przestrzegania zasady dla szerokiej gamy gier karcianych, co czyni go idealnym punktem wyj\u015bcia dla pocz\u0105tkuj\u0105cych.<\/li>\n\n\n\n<li><strong>&#8222;Gry karciane dla opornych&#8221; autorstwa Barry&#8217;ego Rigala<\/strong>: Ta ksi\u0105\u017cka, b\u0119d\u0105ca cz\u0119\u015bci\u0105 popularnej serii &#8222;For Dummies&#8221;, przedstawia podstawy wielu gier karcianych, oferuj\u0105c wskaz\u00f3wki, sztuczki i strategie w przyst\u0119pnej formie.<\/li>\n<\/ul>\n\n<h2 class=\"wp-block-heading\">Dla mi\u0142o\u015bnik\u00f3w strategii<\/h2>\n\n<p>Je\u015bli chcesz podnie\u015b\u0107 poziom swojej gry i zag\u0142\u0119bi\u0107 si\u0119 w strategiczne aspekty gier karcianych, te wybory oferuj\u0105 dog\u0142\u0119bn\u0105 analiz\u0119, zaawansowane techniki i profesjonalne spostrze\u017cenia.<\/p>\n\n<ul class=\"wp-block-list\">\n<li><strong>&#8222;Teoria pokera&#8221; autorstwa Davida Sklansky&#8217;ego<\/strong>: Obowi\u0105zkowa lektura dla pokerzyst\u00f3w, ta ksi\u0105\u017cka bada podstawowe koncepcje i teorie pokera, kt\u00f3re maj\u0105 zastosowanie do prawie ka\u017cdej odmiany gry.<\/li>\n\n\n\n<li><strong>&#8222;Bryd\u017c dla pocz\u0105tkuj\u0105cych&#8221;<\/strong> Terence&#8217;a Reese&#8217;a: Terence Reese, mistrz bryd\u017ca, przedstawia zasady gry, techniki licytacji i strategie w spos\u00f3b zar\u00f3wno pouczaj\u0105cy, jak i \u0142atwy do zrozumienia.<\/li>\n<\/ul>\n\n<h2 class=\"wp-block-heading\">Spostrze\u017cenia historyczne i kulturowe<\/h2>\n\n<p>Gry karciane s\u0105 przesi\u0105kni\u0119te histori\u0105 i znaczeniem kulturowym. Ksi\u0105\u017cki te zapewniaj\u0105 fascynuj\u0105ce badania nad pochodzeniem, ewolucj\u0105 i wp\u0142ywem gier karcianych na ca\u0142ym \u015bwiecie.<\/p>\n\n<ul class=\"wp-block-list\">\n<li><strong>&#8222;Historia kart do gry oraz bibliografia kart i gier&#8221; autorstwa Catherine Perry Hargrave<\/strong>: Zanurz si\u0119 w historyczn\u0105 podr\u00f3\u017c kart do gry od ich staro\u017cytnych pocz\u0105tk\u00f3w do czas\u00f3w wsp\u00f3\u0142czesnych, zilustrowan\u0105 przyk\u0142adami z r\u00f3\u017cnych kultur.<\/li>\n\n\n\n<li><strong>&#8222;The Card: Kolekcjonerzy, oszu\u015bci i prawdziwa historia najbardziej po\u017c\u0105danej karty baseballowej w historii&#8221; autorstwa Michaela O&#8217;Keeffe i Teri Thompson<\/strong>: Chocia\u017c nie jest to tradycyjna ksi\u0105\u017cka o grach karcianych, ta opowie\u015b\u0107 oferuje porywaj\u0105ce spojrzenie na \u015bwiat kolekcjonowania kart i kulturowy fenomen otaczaj\u0105cy najs\u0142ynniejsz\u0105 kart\u0119 baseballow\u0105.<\/li>\n<\/ul>\n\n<h2 class=\"wp-block-heading\">Gry specjalne i niszowe<\/h2>\n\n<p>Dla tych, kt\u00f3rzy s\u0105 zainteresowani odkrywaniem gier spoza g\u0142\u00f3wnego nurtu, nasza oferta obejmuje tytu\u0142y po\u015bwi\u0119cone specjalnym i niszowym grom karcianym, zawieraj\u0105ce zasady, strategie i wyj\u0105tkowy urok mniej popularnych gier.<\/p>\n\n<ul class=\"wp-block-list\">\n<li><strong>&#8222;Tarot Playbook: 78 Novel Ways to Connect with Your Cards&#8221; autorstwa Lyndy Cowles<\/strong>: Ta ksi\u0105\u017cka oferuje \u015bwie\u017ce spojrzenie na karty Tarota, prezentuj\u0105c gry i zaj\u0119cia, kt\u00f3re pog\u0142\u0119biaj\u0105 po\u0142\u0105czenie z tali\u0105 poza tradycyjnymi odczytami.<\/li>\n\n\n\n<li><strong>&#8222;The Ultimate Guide to Mahjong: The Chinese Game of Skill and Strategy&#8221; autorstwa Amy Lo<\/strong>: Skupiaj\u0105c si\u0119 na Mahjongu, a nie na tradycyjnych zachodnich grach karcianych, ten przewodnik wyja\u015bnia z\u0142o\u017cone strategie tej popularnej gry.<\/li>\n<\/ul>\n\n<h2 class=\"wp-block-heading\">Wnioski<\/h2>\n\n<p>Gry karciane oferuj\u0105 \u015bwiat strategii, wyzwa\u0144 i zabawy, a literatura jest bram\u0105 do opanowania tych gier. Niezale\u017cnie od tego, czy tasujesz tali\u0119 po raz pierwszy, czy chcesz doda\u0107 now\u0105 strategi\u0119 do swojego repertuaru, nasz przewodnik po najlepszych ksi\u0105\u017ckach o grach karcianych jest tutaj, aby wesprze\u0107 twoj\u0105 podr\u00f3\u017c. Zanurz si\u0119 w te strony, wzboga\u0107 swoj\u0105 wiedz\u0119 i rozpocznij gr\u0119!<\/p>\n","protected":false},"excerpt":{"rendered":"<p>Witamy w sekcji &#8222;Ksi\u0105\u017cki&#8221; na PlayCards.wiki, gdzie zag\u0142\u0119biamy si\u0119 w literacki \u015bwiat gier karcianych. Niezale\u017cnie od tego, czy jeste\u015b pocz\u0105tkuj\u0105cym graczem, kt\u00f3ry chce nauczy\u0107 si\u0119 podstaw, czy do\u015bwiadczonym entuzjast\u0105, kt\u00f3ry chce pog\u0142\u0119bi\u0107&#8230;<\/p>\n","protected":false},"author":1,"featured_media":867,"parent":0,"menu_order":0,"comment_status":"closed","ping_status":"closed","template":"","meta":{"footnotes":""},"class_list":["post-941","page","type-page","status-publish","has-post-thumbnail","hentry"],"_links":{"self":[{"href":"https:\/\/playcards.wiki\/pl\/wp-json\/wp\/v2\/pages\/941","targetHints":{"allow":["GET"]}}],"collection":[{"href":"https:\/\/playcards.wiki\/pl\/wp-json\/wp\/v2\/pages"}],"about":[{"href":"https:\/\/playcards.wiki\/pl\/wp-json\/wp\/v2\/types\/page"}],"author":[{"embeddable":true,"href":"https:\/\/playcards.wiki\/pl\/wp-json\/wp\/v2\/users\/1"}],"replies":[{"embeddable":true,"href":"https:\/\/playcards.wiki\/pl\/wp-json\/wp\/v2\/comments?post=941"}],"version-history":[{"count":1,"href":"https:\/\/playcards.wiki\/pl\/wp-json\/wp\/v2\/pages\/941\/revisions"}],"predecessor-version":[{"id":957,"href":"https:\/\/playcards.wiki\/pl\/wp-json\/wp\/v2\/pages\/941\/revisions\/957"}],"wp:featuredmedia":[{"embeddable":true,"href":"https:\/\/playcards.wiki\/pl\/wp-json\/wp\/v2\/media\/867"}],"wp:attachment":[{"href":"https:\/\/playcards.wiki\/pl\/wp-json\/wp\/v2\/media?parent=941"}],"curies":[{"name":"wp","href":"https:\/\/api.w.org\/{rel}","templated":true}]}}