{"id":594,"date":"2024-02-29T11:28:47","date_gmt":"2024-02-29T11:28:47","guid":{"rendered":"https:\/\/playcards.wiki\/kontakt-oss\/"},"modified":"2024-02-29T11:47:00","modified_gmt":"2024-02-29T11:47:00","slug":"kontakt-oss","status":"publish","type":"page","link":"https:\/\/playcards.wiki\/no\/kontakt-oss\/","title":{"rendered":"Kontakt oss"},"content":{"rendered":"\n<p>deler v\u00e5r kj\u00e6rlighet til strategi, moro og den tidl\u00f8se gleden ved kortspill. Enten du s\u00f8ker r\u00e5d, har sp\u00f8rsm\u00e5l om en spesifikk spilleregel eller bare \u00f8nsker \u00e5 dele dine kortspillopplevelser, er vi her for \u00e5 lytte og engasjere deg.<\/p>\n\n<h2 class=\"wp-block-heading\">Ta kontakt<\/h2>\n\n<p>Dine innspill, sp\u00f8rsm\u00e5l og tilbakemeldinger er uvurderlige for oss i v\u00e5rt arbeid med \u00e5 gj\u00f8re PlayCards.wiki til den beste ressursen for kortspillentusiaster over hele verden. Slik kan du ta kontakt med oss:<\/p>\n<p>[wpforms id=&raquo;506&#8243;]<\/p>\n\n<h3 class=\"wp-block-heading\">Online kontaktskjema<\/h3>\n\n<p>For \u00e5 gj\u00f8re det enklere for deg har vi opprettet et elektronisk kontaktskjema p\u00e5 nettstedet v\u00e5rt. Fyll inn navn, e-postadresse og melding, s\u00e5 tar en av v\u00e5re medarbeidere kontakt med deg s\u00e5 snart som mulig. Enten det er en foresp\u00f8rsel, et forslag eller en p\u00e5skj\u00f8nnelse, er vi lutter \u00f8re.<\/p>\n\n<h2 class=\"wp-block-heading\">Vi lytter<\/h2>\n\n<p>P\u00e5 PlayCards.wiki tror vi p\u00e5 kraften i fellesskapet og verdien av tilbakemeldingene dine. Enten du har forslag til forbedringer av nettstedet v\u00e5rt, \u00f8nsker nytt innhold eller bare vil si hei, er vi her for \u00e5 lytte og engasjere oss. V\u00e5rt m\u00e5l er \u00e5 skape et inkluderende, informativt og morsomt milj\u00f8 for alle kortspillentusiaster, og dine innspill er avgj\u00f8rende for \u00e5 oppn\u00e5 dette.<\/p>\n\n<p>Takk for at du er en del av PlayCards.wiki-fellesskapet. La oss fortsette \u00e5 feire kortspillenes verden sammen!<\/p>\n","protected":false},"excerpt":{"rendered":"<p>deler v\u00e5r kj\u00e6rlighet til strategi, moro og den tidl\u00f8se gleden ved kortspill. Enten du s\u00f8ker r\u00e5d, har sp\u00f8rsm\u00e5l om en spesifikk spilleregel eller bare \u00f8nsker \u00e5 dele dine kortspillopplevelser, er vi her&#8230;<\/p>\n","protected":false},"author":1,"featured_media":82,"parent":0,"menu_order":0,"comment_status":"closed","ping_status":"closed","template":"","meta":{"footnotes":""},"class_list":["post-594","page","type-page","status-publish","has-post-thumbnail","hentry"],"_links":{"self":[{"href":"https:\/\/playcards.wiki\/no\/wp-json\/wp\/v2\/pages\/594","targetHints":{"allow":["GET"]}}],"collection":[{"href":"https:\/\/playcards.wiki\/no\/wp-json\/wp\/v2\/pages"}],"about":[{"href":"https:\/\/playcards.wiki\/no\/wp-json\/wp\/v2\/types\/page"}],"author":[{"embeddable":true,"href":"https:\/\/playcards.wiki\/no\/wp-json\/wp\/v2\/users\/1"}],"replies":[{"embeddable":true,"href":"https:\/\/playcards.wiki\/no\/wp-json\/wp\/v2\/comments?post=594"}],"version-history":[{"count":1,"href":"https:\/\/playcards.wiki\/no\/wp-json\/wp\/v2\/pages\/594\/revisions"}],"predecessor-version":[{"id":600,"href":"https:\/\/playcards.wiki\/no\/wp-json\/wp\/v2\/pages\/594\/revisions\/600"}],"wp:featuredmedia":[{"embeddable":true,"href":"https:\/\/playcards.wiki\/no\/wp-json\/wp\/v2\/media\/82"}],"wp:attachment":[{"href":"https:\/\/playcards.wiki\/no\/wp-json\/wp\/v2\/media?parent=594"}],"curies":[{"name":"wp","href":"https:\/\/api.w.org\/{rel}","templated":true}]}}