{"id":883,"date":"2024-02-29T11:28:47","date_gmt":"2024-02-29T11:28:47","guid":{"rendered":"https:\/\/playcards.wiki\/kapcsolatfelvetel\/"},"modified":"2024-04-09T13:26:32","modified_gmt":"2024-04-09T13:26:32","slug":"kapcsolatfelvetel","status":"publish","type":"page","link":"https:\/\/playcards.wiki\/hu\/kapcsolatfelvetel\/","title":{"rendered":"Kapcsolatfelv\u00e9tel"},"content":{"rendered":"\n<p>osztozunk a strat\u00e9gia, a sz\u00f3rakoz\u00e1s \u00e9s a k\u00e1rty\u00e1z\u00e1s id\u0151tlen \u00f6r\u00f6me ir\u00e1nti szeretet\u00fcnkben. Ak\u00e1r tan\u00e1csot keresel, ak\u00e1r k\u00e9rd\u00e9sed van egy adott j\u00e1t\u00e9kszab\u00e1llyal kapcsolatban, vagy egyszer\u0171en csak szeretn\u00e9d megosztani a k\u00e1rtyaj\u00e1t\u00e9kos tapasztalataidat, mi itt vagyunk, hogy meghallgassunk \u00e9s r\u00e9szt vegy\u00fcnk.<\/p>\n\n<h2 class=\"wp-block-heading\">Kapcsolatfelv\u00e9tel<\/h2>\n\n<p>Az \u00d6n megl\u00e1t\u00e1sai, k\u00e9rd\u00e9sei \u00e9s visszajelz\u00e9sei felbecs\u00fclhetetlenek sz\u00e1munkra, mivel arra t\u00f6reksz\u00fcnk, hogy a PlayCards.wiki a legjobb forr\u00e1s legyen a k\u00e1rtyaj\u00e1t\u00e9kok szerelmeseinek vil\u00e1gszerte. Itt tal\u00e1lja, hogyan \u00e9rhet el minket:<\/p>\n<p>[wpforms id=&#8221;506&#8243;]<\/p>\n\n<h3 class=\"wp-block-heading\">Online kapcsolatfelv\u00e9teli \u0171rlap<\/h3>\n\n<p>Az \u00d6n k\u00e9nyelme \u00e9rdek\u00e9ben l\u00e9trehoztunk egy online kapcsolatfelv\u00e9teli \u0171rlapot a weboldalunkon. Adja meg nev\u00e9t, e-mail c\u00edm\u00e9t \u00e9s \u00fczenet\u00e9t, \u00e9s csapatunk egyik tagja a lehet\u0151 leghamarabb jelentkezni fog. Legyen sz\u00f3 k\u00e9rd\u00e9sr\u0151l, javaslatr\u00f3l vagy elismer\u0151 szavakr\u00f3l, mi mindannyian meghallgatjuk.<\/p>\n\n<h2 class=\"wp-block-heading\">Meghallgatjuk<\/h2>\n\n<p>A PlayCards.wiki hisz a k\u00f6z\u00f6ss\u00e9g erej\u00e9ben \u00e9s a visszajelz\u00e9sek \u00e9rt\u00e9k\u00e9ben. Ak\u00e1r van javaslata az oldalunk fejleszt\u00e9s\u00e9re, ak\u00e1r \u00faj tartalomra van sz\u00fcks\u00e9ge, vagy egyszer\u0171en csak k\u00f6sz\u00f6nni szeretne, mi itt vagyunk, hogy meghallgassuk \u00e9s bevonjuk. C\u00e9lunk, hogy egy befogad\u00f3, informat\u00edv \u00e9s sz\u00f3rakoztat\u00f3 k\u00f6rnyezetet teremts\u00fcnk a k\u00e1rtyaj\u00e1t\u00e9kok szerelmesei sz\u00e1m\u00e1ra, \u00e9s az \u00d6n hozz\u00e1j\u00e1rul\u00e1sa kulcsfontoss\u00e1g\u00fa ennek el\u00e9r\u00e9s\u00e9hez.<\/p>\n\n<p>K\u00f6sz\u00f6nj\u00fck, hogy a PlayCards.wiki k\u00f6z\u00f6ss\u00e9g tagja vagy. \u00dcnnepelj\u00fck tov\u00e1bbra is egy\u00fctt a k\u00e1rtyaj\u00e1t\u00e9kok vil\u00e1g\u00e1t!<\/p>\n","protected":false},"excerpt":{"rendered":"<p>osztozunk a strat\u00e9gia, a sz\u00f3rakoz\u00e1s \u00e9s a k\u00e1rty\u00e1z\u00e1s id\u0151tlen \u00f6r\u00f6me ir\u00e1nti szeretet\u00fcnkben. Ak\u00e1r tan\u00e1csot keresel, ak\u00e1r k\u00e9rd\u00e9sed van egy adott j\u00e1t\u00e9kszab\u00e1llyal kapcsolatban, vagy egyszer\u0171en csak szeretn\u00e9d megosztani a k\u00e1rtyaj\u00e1t\u00e9kos tapasztalataidat, mi itt&#8230;<\/p>\n","protected":false},"author":1,"featured_media":861,"parent":0,"menu_order":0,"comment_status":"closed","ping_status":"closed","template":"","meta":{"footnotes":""},"class_list":["post-883","page","type-page","status-publish","has-post-thumbnail","hentry"],"_links":{"self":[{"href":"https:\/\/playcards.wiki\/hu\/wp-json\/wp\/v2\/pages\/883","targetHints":{"allow":["GET"]}}],"collection":[{"href":"https:\/\/playcards.wiki\/hu\/wp-json\/wp\/v2\/pages"}],"about":[{"href":"https:\/\/playcards.wiki\/hu\/wp-json\/wp\/v2\/types\/page"}],"author":[{"embeddable":true,"href":"https:\/\/playcards.wiki\/hu\/wp-json\/wp\/v2\/users\/1"}],"replies":[{"embeddable":true,"href":"https:\/\/playcards.wiki\/hu\/wp-json\/wp\/v2\/comments?post=883"}],"version-history":[{"count":1,"href":"https:\/\/playcards.wiki\/hu\/wp-json\/wp\/v2\/pages\/883\/revisions"}],"predecessor-version":[{"id":895,"href":"https:\/\/playcards.wiki\/hu\/wp-json\/wp\/v2\/pages\/883\/revisions\/895"}],"wp:featuredmedia":[{"embeddable":true,"href":"https:\/\/playcards.wiki\/hu\/wp-json\/wp\/v2\/media\/861"}],"wp:attachment":[{"href":"https:\/\/playcards.wiki\/hu\/wp-json\/wp\/v2\/media?parent=883"}],"curies":[{"name":"wp","href":"https:\/\/api.w.org\/{rel}","templated":true}]}}