{"id":886,"date":"2024-02-29T11:28:47","date_gmt":"2024-02-29T11:28:47","guid":{"rendered":"https:\/\/playcards.wiki\/kontaktirajte-nas\/"},"modified":"2024-04-09T13:26:33","modified_gmt":"2024-04-09T13:26:33","slug":"kontaktirajte-nas","status":"publish","type":"page","link":"https:\/\/playcards.wiki\/hr\/kontaktirajte-nas\/","title":{"rendered":"Kontaktirajte nas"},"content":{"rendered":"\n<p>dijelimo na\u0161u ljubav prema strategiji, zabavi i bezvremenoj radosti kartanja. Bilo da tra\u017eite savjet, imate pitanje o odre\u0111enim pravilima igre ili jednostavno \u017eelite podijeliti svoja iskustva s kartanjem, ovdje smo da vas saslu\u0161amo i uklju\u010dimo se.<\/p>\n\n<h2 class=\"wp-block-heading\">Javite nam se<\/h2>\n\n<p>Va\u0161i uvidi, pitanja i povratne informacije su nam neprocjenjivi jer nastojimo u\u010diniti PlayCards.wiki najboljim resursom za entuzijaste karta\u0161kih igara diljem svijeta. Evo kako nam se mo\u017eete obratiti:<\/p>\n<p>[wpforms id=&#8221;506&#8243;]<\/p>\n\n<h3 class=\"wp-block-heading\">Online obrazac za kontakt<\/h3>\n\n<p>Radi va\u0161e udobnosti, postavili smo online obrazac za kontakt na na\u0161oj web stranici. Ispunite svoje ime, adresu e-po\u0161te i svoju poruku, a jedan od \u010dlanova na\u0161eg tima javit \u0107e vam se \u0161to je prije mogu\u0107e. Bilo da je rije\u010d o upitu, sugestiji ili rije\u010di zahvalnosti, svi smo u\u0161i.<\/p>\n\n<h2 class=\"wp-block-heading\">Slu\u0161amo<\/h2>\n\n<p>U PlayCards.wiki vjerujemo u snagu zajednice i vrijednost va\u0161ih povratnih informacija. Bilo da imate prijedlog za pobolj\u0161anje na\u0161e stranice, zahtjev za novim sadr\u017eajem ili jednostavno \u017eelite pozdraviti, tu smo da saslu\u0161amo i uklju\u010dimo se. Na\u0161 je cilj stvoriti inkluzivno, informativno i zabavno okru\u017eenje za entuzijaste karta\u0161kih igara posvuda, a va\u0161 je doprinos presudan za postizanje toga.<\/p>\n\n<p>Hvala vam \u0161to ste dio PlayCards.wiki zajednice. Nastavimo zajedno slaviti svijet karta\u0161kih igara!<\/p>\n","protected":false},"excerpt":{"rendered":"<p>dijelimo na\u0161u ljubav prema strategiji, zabavi i bezvremenoj radosti kartanja. Bilo da tra\u017eite savjet, imate pitanje o odre\u0111enim pravilima igre ili jednostavno \u017eelite podijeliti svoja iskustva s kartanjem, ovdje smo da vas&#8230;<\/p>\n","protected":false},"author":1,"featured_media":859,"parent":0,"menu_order":0,"comment_status":"closed","ping_status":"closed","template":"","meta":{"footnotes":""},"class_list":["post-886","page","type-page","status-publish","has-post-thumbnail","hentry"],"_links":{"self":[{"href":"https:\/\/playcards.wiki\/hr\/wp-json\/wp\/v2\/pages\/886","targetHints":{"allow":["GET"]}}],"collection":[{"href":"https:\/\/playcards.wiki\/hr\/wp-json\/wp\/v2\/pages"}],"about":[{"href":"https:\/\/playcards.wiki\/hr\/wp-json\/wp\/v2\/types\/page"}],"author":[{"embeddable":true,"href":"https:\/\/playcards.wiki\/hr\/wp-json\/wp\/v2\/users\/1"}],"replies":[{"embeddable":true,"href":"https:\/\/playcards.wiki\/hr\/wp-json\/wp\/v2\/comments?post=886"}],"version-history":[{"count":1,"href":"https:\/\/playcards.wiki\/hr\/wp-json\/wp\/v2\/pages\/886\/revisions"}],"predecessor-version":[{"id":899,"href":"https:\/\/playcards.wiki\/hr\/wp-json\/wp\/v2\/pages\/886\/revisions\/899"}],"wp:featuredmedia":[{"embeddable":true,"href":"https:\/\/playcards.wiki\/hr\/wp-json\/wp\/v2\/media\/859"}],"wp:attachment":[{"href":"https:\/\/playcards.wiki\/hr\/wp-json\/wp\/v2\/media?parent=886"}],"curies":[{"name":"wp","href":"https:\/\/api.w.org\/{rel}","templated":true}]}}