{"id":922,"date":"2024-02-29T11:26:58","date_gmt":"2024-02-29T11:26:58","guid":{"rendered":"https:\/\/playcards.wiki\/livres\/"},"modified":"2024-04-09T13:26:34","modified_gmt":"2024-04-09T13:26:34","slug":"livres","status":"publish","type":"page","link":"https:\/\/playcards.wiki\/fr\/livres\/","title":{"rendered":"Livres"},"content":{"rendered":"\n<p>Bienvenue dans la section \u00ab\u00a0Livres\u00a0\u00bb de PlayCards.wiki, o\u00f9 nous nous plongeons dans le monde litt\u00e9raire des jeux de cartes. Que vous soyez un joueur novice d\u00e9sireux d&rsquo;apprendre les bases du jeu ou un passionn\u00e9 exp\u00e9riment\u00e9 souhaitant approfondir ses connaissances et affiner ses strat\u00e9gies, notre s\u00e9lection de livres sur les jeux de cartes est con\u00e7ue pour r\u00e9pondre \u00e0 tous les niveaux d&rsquo;int\u00e9r\u00eat et d&rsquo;expertise. D\u00e9couvrez notre guide complet des meilleurs livres sur les jeux de cartes, qui vous offrent des id\u00e9es, des strat\u00e9gies et la riche histoire de vos jeux pr\u00e9f\u00e9r\u00e9s.<\/p>\n\n<h2 class=\"wp-block-heading\">Pour les d\u00e9butants : Commencer<\/h2>\n\n<p>Se lancer dans les jeux de cartes peut \u00eatre \u00e0 la fois excitant et intimidant. Les livres de cette section ont \u00e9t\u00e9 s\u00e9lectionn\u00e9s pour leurs instructions claires, leurs explications simples et leurs introductions attrayantes au monde des jeux de cartes.<\/p>\n\n<ul class=\"wp-block-list\">\n<li>\u00ab\u00a0<strong>Le livre complet des jeux de cartes\u00a0\u00bb par George F. Hervey<\/strong>: Ce guide classique propose des r\u00e8gles faciles \u00e0 suivre pour un large \u00e9ventail de jeux de cartes, ce qui en fait un point de d\u00e9part id\u00e9al pour les d\u00e9butants.<\/li>\n\n\n\n<li>\u00ab\u00a0Les <strong> jeux de cartes pour les nuls\u00a0\u00bb par Barry Rigal<\/strong>: Ce livre, qui fait partie de la c\u00e9l\u00e8bre s\u00e9rie \u00ab\u00a0For Dummies\u00a0\u00bb, pr\u00e9sente les bases de nombreux jeux de cartes et offre des conseils, des astuces et des strat\u00e9gies dans un format accessible.<\/li>\n<\/ul>\n\n<h2 class=\"wp-block-heading\">Pour les passionn\u00e9s de strat\u00e9gie<\/h2>\n\n<p>Si vous cherchez \u00e0 am\u00e9liorer votre jeu et \u00e0 approfondir les aspects strat\u00e9giques des jeux de cartes, ces s\u00e9lections proposent des analyses approfondies, des techniques avanc\u00e9es et des points de vue professionnels.<\/p>\n\n<ul class=\"wp-block-list\">\n<li>\u00ab\u00a0<strong>La th\u00e9orie du poker\u00a0\u00bb par David Sklansky<\/strong>: Incontournable pour les joueurs de poker, ce livre explore les concepts et th\u00e9ories fondamentaux du poker qui s&rsquo;appliquent \u00e0 presque toutes les variantes du jeu.<\/li>\n\n\n\n<li>\u00ab\u00a0<strong>Bridge pour d\u00e9butants brillants\u00a0\u00bb par Terence Reese<\/strong>: Terence Reese, un ma\u00eetre du bridge, pr\u00e9sente les principes du jeu, les techniques d&rsquo;ench\u00e8res et les strat\u00e9gies d&rsquo;une mani\u00e8re \u00e0 la fois informative et facile \u00e0 comprendre.<\/li>\n<\/ul>\n\n<h2 class=\"wp-block-heading\">Aper\u00e7u historique et culturel<\/h2>\n\n<p>Les jeux de cartes sont charg\u00e9s d&rsquo;histoire et de signification culturelle. Ces livres offrent une exploration fascinante des origines, de l&rsquo;\u00e9volution et de l&rsquo;impact des jeux de cartes dans le monde entier.<\/p>\n\n<ul class=\"wp-block-list\">\n<li>\u00ab\u00a0<strong>Une histoire des cartes \u00e0 jouer et une bibliographie des cartes et des jeux\u00a0\u00bb par Catherine Perry Hargrave<\/strong>: Plongez dans l&rsquo;histoire des cartes \u00e0 jouer, de leurs origines antiques \u00e0 l&rsquo;\u00e9poque moderne, illustr\u00e9e d&rsquo;exemples tir\u00e9s de diverses cultures.<\/li>\n\n\n\n<li><strong>\u00ab\u00a0La Carte : Collectors, Con Men, and the True Story of History&rsquo;s Most Desired Baseball Card\u00a0\u00bb de Michael O&rsquo;Keeffe et Teri Thompson<\/strong>: Bien qu&rsquo;il ne s&rsquo;agisse pas d&rsquo;un livre traditionnel sur les jeux de cartes, ce r\u00e9cit offre un regard captivant sur le monde de la collection de cartes et sur le ph\u00e9nom\u00e8ne culturel entourant la carte de baseball la plus c\u00e9l\u00e8bre.<\/li>\n<\/ul>\n\n<h2 class=\"wp-block-heading\">Jeux de sp\u00e9cialit\u00e9 et de niche<\/h2>\n\n<p>Pour ceux qui souhaitent aller au-del\u00e0 du courant dominant, notre s\u00e9lection comprend des titres sur les jeux de cartes sp\u00e9cialis\u00e9s et de niche, qui pr\u00e9sentent les r\u00e8gles, les strat\u00e9gies et l&rsquo;attrait unique de jeux moins r\u00e9pandus.<\/p>\n\n<ul class=\"wp-block-list\">\n<li><strong>\u00ab\u00a0The Tarot Playbook : 78 nouvelles fa\u00e7ons d&rsquo;entrer en contact avec vos cartes\u00a0\u00bb par Lynda Cowles<\/strong>: Ce livre propose un regard neuf sur les cartes de Tarot, en pr\u00e9sentant des jeux et des activit\u00e9s pour approfondir votre connexion avec le jeu au-del\u00e0 des lectures traditionnelles.<\/li>\n\n\n\n<li><strong>\u00ab\u00a0Le guide ultime du Mahjong : Le jeu chinois d&rsquo;adresse et de strat\u00e9gie\u00a0\u00bb par Amy Lo<\/strong>: Tout en se concentrant sur le Mahjong plut\u00f4t que sur les jeux de cartes occidentaux traditionnels, ce guide met en lumi\u00e8re les strat\u00e9gies complexes de ce jeu populaire.<\/li>\n<\/ul>\n\n<h2 class=\"wp-block-heading\">Conclusion<\/h2>\n\n<p>Les jeux de cartes offrent un monde de strat\u00e9gie, de d\u00e9fis et d&rsquo;amusement, et la litt\u00e9rature est une porte d&rsquo;entr\u00e9e vers la ma\u00eetrise de ces jeux. Que vous battiez le jeu pour la premi\u00e8re fois ou que vous cherchiez \u00e0 ajouter une nouvelle strat\u00e9gie \u00e0 votre r\u00e9pertoire, notre guide des meilleurs livres de jeux de cartes est l\u00e0 pour vous aider. Plongez dans ces pages, enrichissez vos connaissances et laissez les jeux commencer !<\/p>\n","protected":false},"excerpt":{"rendered":"<p>Bienvenue dans la section \u00ab\u00a0Livres\u00a0\u00bb de PlayCards.wiki, o\u00f9 nous nous plongeons dans le monde litt\u00e9raire des jeux de cartes. Que vous soyez un joueur novice d\u00e9sireux d&rsquo;apprendre les bases du jeu ou&#8230;<\/p>\n","protected":false},"author":1,"featured_media":891,"parent":0,"menu_order":0,"comment_status":"closed","ping_status":"closed","template":"","meta":{"footnotes":""},"class_list":["post-922","page","type-page","status-publish","has-post-thumbnail","hentry"],"_links":{"self":[{"href":"https:\/\/playcards.wiki\/fr\/wp-json\/wp\/v2\/pages\/922","targetHints":{"allow":["GET"]}}],"collection":[{"href":"https:\/\/playcards.wiki\/fr\/wp-json\/wp\/v2\/pages"}],"about":[{"href":"https:\/\/playcards.wiki\/fr\/wp-json\/wp\/v2\/types\/page"}],"author":[{"embeddable":true,"href":"https:\/\/playcards.wiki\/fr\/wp-json\/wp\/v2\/users\/1"}],"replies":[{"embeddable":true,"href":"https:\/\/playcards.wiki\/fr\/wp-json\/wp\/v2\/comments?post=922"}],"version-history":[{"count":1,"href":"https:\/\/playcards.wiki\/fr\/wp-json\/wp\/v2\/pages\/922\/revisions"}],"predecessor-version":[{"id":936,"href":"https:\/\/playcards.wiki\/fr\/wp-json\/wp\/v2\/pages\/922\/revisions\/936"}],"wp:featuredmedia":[{"embeddable":true,"href":"https:\/\/playcards.wiki\/fr\/wp-json\/wp\/v2\/media\/891"}],"wp:attachment":[{"href":"https:\/\/playcards.wiki\/fr\/wp-json\/wp\/v2\/media?parent=922"}],"curies":[{"name":"wp","href":"https:\/\/api.w.org\/{rel}","templated":true}]}}