{"id":576,"date":"2024-02-29T11:23:37","date_gmt":"2024-02-29T11:23:37","guid":{"rendered":"https:\/\/playcards.wiki\/strategiat\/"},"modified":"2024-02-29T11:46:55","modified_gmt":"2024-02-29T11:46:55","slug":"strategiat","status":"publish","type":"page","link":"https:\/\/playcards.wiki\/fi\/strategiat\/","title":{"rendered":"Strategiat"},"content":{"rendered":"\n<p>Tervetuloa PlayCards.wikiin, lopulliseen oppaaseesi korttipelien taidon hallintaan. Olitpa sitten kokenut pelaaja, joka pyrkii hiomaan taitojaan, tai tulokas, joka on valmis uskaltautumaan korttipelien j\u00e4nnitt\u00e4v\u00e4\u00e4n maailmaan, menestyksesi kannalta on keskeist\u00e4, ett\u00e4 ymm\u00e4rr\u00e4t taustalla olevat strategiat. T\u00e4ss\u00e4 artikkelissa syvennyt\u00e4\u00e4n korttipelien strategisiin syvyyksiin ja tarjotaan oivalluksia ja taktiikoita, joiden avulla voit parantaa pelaamistasi ja saada etuly\u00f6ntiaseman vastustajiin n\u00e4hden.<\/p>\n\n<h2 class=\"wp-block-heading\">Perusstrategiat kaikissa korttipeleiss\u00e4<\/h2>\n\n<p>Vaikka jokaisessa korttipeliss\u00e4 on omat ainutlaatuiset s\u00e4\u00e4nt\u00f6ns\u00e4 ja strategiansa, on olemassa yleisi\u00e4 k\u00e4sitteit\u00e4, jotka voivat parantaa pelaamista huomattavasti.<\/p>\n\n<h3 class=\"wp-block-heading\">Tunne pelisi<\/h3>\n\n<p>Varmista, ett\u00e4 tunnet pelin s\u00e4\u00e4nn\u00f6t, tavoitteet ja pisteytyksen perusteellisesti, ennen kuin aloitat strategiat. Tutustu pelin rakenteeseen ja vivahteisiin, sill\u00e4 t\u00e4m\u00e4 tieto on tehokkaan strategian perusta.<\/p>\n\n<h3 class=\"wp-block-heading\">Havainnointi ja muisti<\/h3>\n\n<p>Tarkkaavaisuus ja hyv\u00e4 muisti ovat korttipeleiss\u00e4 korvaamattomia etuja. Kiinnit\u00e4 huomiota pelattuihin kortteihin, vastustajien k\u00e4ytt\u00e4miin strategioihin ja esiin tuleviin kuvioihin. Muistamalla, mitk\u00e4 kortit on pelattu, voit saada strategista etua, erityisesti peleiss\u00e4, joissa j\u00e4ljell\u00e4 olevien korttien tunteminen voi vaikuttaa p\u00e4\u00e4t\u00f6ksiisi.<\/p>\n\n<h3 class=\"wp-block-heading\">Sopeutumiskyky<\/h3>\n\n<p>Joustava pelattavuus antaa sinulle mahdollisuuden mukauttaa strategiaasi pelin kehittyv\u00e4n dynamiikan mukaan. Varaudu muuttamaan taktiikkaasi vastustajan toimien tai pelin odottamattomien olosuhteiden mukaan.<\/p>\n\n<h3 class=\"wp-block-heading\">Riskienhallinta<\/h3>\n\n<p>Riskien ymm\u00e4rt\u00e4minen ja hallinta on ratkaisevan t\u00e4rke\u00e4\u00e4. Arvioi toimintasi mahdollinen hy\u00f6ty suhteessa ep\u00e4suotuisten tulosten todenn\u00e4k\u00f6isyyteen. Se, milloin ottaa laskelmoituja riskej\u00e4 ja milloin pelata varman p\u00e4\u00e4lle, voi usein m\u00e4\u00e4r\u00e4t\u00e4 pelin kulun ja lopputuloksen.<\/p>\n\n<h2 class=\"wp-block-heading\">Edistyneet strategiat suosittuihin korttipeleihin<\/h2>\n\n<h3 class=\"wp-block-heading\">Pokeri<\/h3>\n\n<ul class=\"wp-block-list\">\n<li><strong>H\u00e4m\u00e4yst\u00e4<\/strong>: Hallitse petoksen taito bluffaamalla tiesi voittoon. K\u00e4yt\u00e4 t\u00e4t\u00e4 taktiikkaa kuitenkin s\u00e4\u00e4steli\u00e4\u00e4sti ja arvaamattomasti, jotta vastustajasi pysyv\u00e4t arvaamattomina.<\/li>\n\n\n\n<li><strong>Potin kertoimet<\/strong>: Tutustu potin kertoimiin, jotta voit tehd\u00e4 tietoon perustuvia p\u00e4\u00e4t\u00f6ksi\u00e4 siit\u00e4, maksatko, korotatko vai luovutatko panoksesi mahdollisen tuoton perusteella.<\/li>\n<\/ul>\n\n<h3 class=\"wp-block-heading\">Silta<\/h3>\n\n<ul class=\"wp-block-list\">\n<li><strong>Tarjouskilpailustrategia<\/strong>: Huutovaiheen avulla voit kommunikoida tehokkaasti kumppanisi kanssa ja saada tietoa vastustajan k\u00e4sist\u00e4.<\/li>\n\n\n\n<li><strong>Korttien laskeminen<\/strong>: Seuraa, mitk\u00e4 kortit on pelattu, jotta voit ennakoida vastustajien toimia ja hallita pelin kulkua.<\/li>\n<\/ul>\n\n<h3 class=\"wp-block-heading\">Rummy<\/h3>\n\n<ul class=\"wp-block-list\">\n<li><strong>Strategian yhdist\u00e4minen<\/strong>: Pid\u00e4 arvokkaat kortit hallussaan alkuvaiheessa est\u00e4\u00e4kseen vastustajia menett\u00e4m\u00e4st\u00e4 korttejaan, mutta ole valmis h\u00e4vitt\u00e4m\u00e4\u00e4n ne pelin edetess\u00e4 minimoidaksesi pisteit\u00e4 h\u00e4vi\u00f6n sattuessa.<\/li>\n\n\n\n<li><strong>Vastustajien lukeminen<\/strong>: Kiinnit\u00e4 huomiota vastustajiesi nostamiin tai poisheitett\u00e4viin kortteihin, jotta voit arvioida heid\u00e4n strategiaansa ja mukauttaa omaasi sen mukaisesti.<\/li>\n<\/ul>\n\n<h2 class=\"wp-block-heading\">P\u00e4\u00e4telm\u00e4<\/h2>\n\n<p>Korttipeleiss\u00e4 yhdistyv\u00e4t onni, taito ja strategia, joista j\u00e4lkimm\u00e4inen on usein ratkaiseva tekij\u00e4 kilpailupeleiss\u00e4. Soveltamalla edell\u00e4 kuvattuja yleisi\u00e4 ja pelikohtaisia strategioita lis\u00e4\u00e4t pelist\u00e4 nauttimisen lis\u00e4ksi my\u00f6s mahdollisuuksiasi selviyty\u00e4 voittajana. Muista, ett\u00e4 avain mink\u00e4 tahansa korttipelin hallitsemiseen on harjoittelu, havainnointi ja jatkuva oppiminen. Ota haaste vastaan, kehit\u00e4 strategioita ja anna PlayCards.wikin olla kumppanisi t\u00e4ll\u00e4 j\u00e4nnitt\u00e4v\u00e4ll\u00e4 matkalla korttipelien maailmassa.<\/p>\n\n<p><\/p>\n","protected":false},"excerpt":{"rendered":"<p>Tervetuloa PlayCards.wikiin, lopulliseen oppaaseesi korttipelien taidon hallintaan. Olitpa sitten kokenut pelaaja, joka pyrkii hiomaan taitojaan, tai tulokas, joka on valmis uskaltautumaan korttipelien j\u00e4nnitt\u00e4v\u00e4\u00e4n maailmaan, menestyksesi kannalta on keskeist\u00e4, ett\u00e4 ymm\u00e4rr\u00e4t taustalla olevat&#8230;<\/p>\n","protected":false},"author":1,"featured_media":92,"parent":0,"menu_order":0,"comment_status":"closed","ping_status":"closed","template":"","meta":{"footnotes":""},"class_list":["post-576","page","type-page","status-publish","has-post-thumbnail","hentry"],"_links":{"self":[{"href":"https:\/\/playcards.wiki\/fi\/wp-json\/wp\/v2\/pages\/576","targetHints":{"allow":["GET"]}}],"collection":[{"href":"https:\/\/playcards.wiki\/fi\/wp-json\/wp\/v2\/pages"}],"about":[{"href":"https:\/\/playcards.wiki\/fi\/wp-json\/wp\/v2\/types\/page"}],"author":[{"embeddable":true,"href":"https:\/\/playcards.wiki\/fi\/wp-json\/wp\/v2\/users\/1"}],"replies":[{"embeddable":true,"href":"https:\/\/playcards.wiki\/fi\/wp-json\/wp\/v2\/comments?post=576"}],"version-history":[{"count":1,"href":"https:\/\/playcards.wiki\/fi\/wp-json\/wp\/v2\/pages\/576\/revisions"}],"predecessor-version":[{"id":580,"href":"https:\/\/playcards.wiki\/fi\/wp-json\/wp\/v2\/pages\/576\/revisions\/580"}],"wp:featuredmedia":[{"embeddable":true,"href":"https:\/\/playcards.wiki\/fi\/wp-json\/wp\/v2\/media\/92"}],"wp:attachment":[{"href":"https:\/\/playcards.wiki\/fi\/wp-json\/wp\/v2\/media?parent=576"}],"curies":[{"name":"wp","href":"https:\/\/api.w.org\/{rel}","templated":true}]}}