{"id":575,"date":"2024-02-29T11:28:47","date_gmt":"2024-02-29T11:28:47","guid":{"rendered":"https:\/\/playcards.wiki\/ota-yhteytta\/"},"modified":"2024-02-29T11:46:59","modified_gmt":"2024-02-29T11:46:59","slug":"ota-yhteytta","status":"publish","type":"page","link":"https:\/\/playcards.wiki\/fi\/ota-yhteytta\/","title":{"rendered":"Ota yhteytt\u00e4"},"content":{"rendered":"\n<p>jaamme rakkautemme strategiaan, hauskanpitoon ja korttipelaamisen ajattomaan iloon. Etsitp\u00e4 sitten neuvoja, sinulla on kysymys jostakin tietyst\u00e4 pelis\u00e4\u00e4nn\u00f6st\u00e4 tai haluat vain jakaa korttipelikokemuksiasi, me olemme t\u00e4\u00e4ll\u00e4 kuuntelemassa ja osallistumassa.<\/p>\n\n<h2 class=\"wp-block-heading\">Ota yhteytt\u00e4<\/h2>\n\n<p>Oivalluksesi, kysymyksesi ja palautteesi ovat meille korvaamattomia, kun pyrimme tekem\u00e4\u00e4n PlayCards.wikist\u00e4 parhaan mahdollisen resurssin korttipelien harrastajille ymp\u00e4ri maailmaa. N\u00e4in voit ottaa meihin yhteytt\u00e4:<\/p>\n<p>[wpforms id=&#8221;506&#8243;]<\/p>\n\n<h3 class=\"wp-block-heading\">Online-yhteydenottolomake<\/h3>\n\n<p>Olemme avuksesi avanneet yhteydenottolomakkeen verkkosivuillamme. T\u00e4yt\u00e4 nimesi, s\u00e4hk\u00f6postiosoitteesi ja viestisi, ja yksi tiimimme j\u00e4senist\u00e4 ottaa sinuun yhteytt\u00e4 mahdollisimman pian. Olipa kyseess\u00e4 kysely, ehdotus tai arvostuksen sana, olemme kaikki kuulolla.<\/p>\n\n<h2 class=\"wp-block-heading\">Me kuuntelemme<\/h2>\n\n<p>Me PlayCards.wikiss\u00e4 uskomme yhteis\u00f6n voimaan ja palautteesi arvoon. Olipa sinulla sitten ehdotus sivustomme parantamiseksi, toivomus uudesta sis\u00e4ll\u00f6st\u00e4 tai haluat vain tervehti\u00e4, olemme t\u00e4\u00e4ll\u00e4 kuuntelemassa ja osallistumassa. Tavoitteenamme on luoda osallistava, informatiivinen ja hauska ymp\u00e4rist\u00f6 korttipelien harrastajille kaikkialla maailmassa, ja sinun panoksesi on ratkaisevan t\u00e4rke\u00e4\u00e4 t\u00e4m\u00e4n tavoitteen saavuttamiseksi.<\/p>\n\n<p>Kiitos, ett\u00e4 olet osa PlayCards.wiki-yhteis\u00f6\u00e4. Jatketaan yhdess\u00e4 korttipelien maailman juhlimista!<\/p>\n","protected":false},"excerpt":{"rendered":"<p>jaamme rakkautemme strategiaan, hauskanpitoon ja korttipelaamisen ajattomaan iloon. Etsitp\u00e4 sitten neuvoja, sinulla on kysymys jostakin tietyst\u00e4 pelis\u00e4\u00e4nn\u00f6st\u00e4 tai haluat vain jakaa korttipelikokemuksiasi, me olemme t\u00e4\u00e4ll\u00e4 kuuntelemassa ja osallistumassa. Ota yhteytt\u00e4 Oivalluksesi, kysymyksesi&#8230;<\/p>\n","protected":false},"author":1,"featured_media":110,"parent":0,"menu_order":0,"comment_status":"closed","ping_status":"closed","template":"","meta":{"footnotes":""},"class_list":["post-575","page","type-page","status-publish","has-post-thumbnail","hentry"],"_links":{"self":[{"href":"https:\/\/playcards.wiki\/fi\/wp-json\/wp\/v2\/pages\/575","targetHints":{"allow":["GET"]}}],"collection":[{"href":"https:\/\/playcards.wiki\/fi\/wp-json\/wp\/v2\/pages"}],"about":[{"href":"https:\/\/playcards.wiki\/fi\/wp-json\/wp\/v2\/types\/page"}],"author":[{"embeddable":true,"href":"https:\/\/playcards.wiki\/fi\/wp-json\/wp\/v2\/users\/1"}],"replies":[{"embeddable":true,"href":"https:\/\/playcards.wiki\/fi\/wp-json\/wp\/v2\/comments?post=575"}],"version-history":[{"count":1,"href":"https:\/\/playcards.wiki\/fi\/wp-json\/wp\/v2\/pages\/575\/revisions"}],"predecessor-version":[{"id":585,"href":"https:\/\/playcards.wiki\/fi\/wp-json\/wp\/v2\/pages\/575\/revisions\/585"}],"wp:featuredmedia":[{"embeddable":true,"href":"https:\/\/playcards.wiki\/fi\/wp-json\/wp\/v2\/media\/110"}],"wp:attachment":[{"href":"https:\/\/playcards.wiki\/fi\/wp-json\/wp\/v2\/media?parent=575"}],"curies":[{"name":"wp","href":"https:\/\/api.w.org\/{rel}","templated":true}]}}